{"id":44,"date":"2025-05-02T14:10:38","date_gmt":"2025-05-02T14:10:38","guid":{"rendered":"https:\/\/thecoloursoftheheart.com\/?page_id=44"},"modified":"2025-10-05T12:58:30","modified_gmt":"2025-10-05T12:58:30","slug":"the-heart-behind-the-colours","status":"publish","type":"page","link":"https:\/\/thecoloursoftheheart.com\/pt\/the-heart-behind-the-colours\/","title":{"rendered":"O Cora\u00e7\u00e3o por Tr\u00e1s das Cores"},"content":{"rendered":"<div data-elementor-type=\"wp-page\" data-elementor-id=\"44\" class=\"elementor elementor-44\" data-elementor-post-type=\"page\">\n\t\t\t\t<div class=\"elementor-element elementor-element-5ab0cc6 e-flex e-con-boxed e-con e-parent\" data-id=\"5ab0cc6\" data-element_type=\"container\" data-e-type=\"container\">\n\t\t\t\t\t<div class=\"e-con-inner\">\n\t\t\t\t<div class=\"elementor-element elementor-element-f90b4c2 elementor-widget elementor-widget-heading\" data-id=\"f90b4c2\" data-element_type=\"widget\" data-e-type=\"widget\" data-widget_type=\"heading.default\">\n\t\t\t\t<div class=\"elementor-widget-container\">\n\t\t\t\t\t<h2 class=\"elementor-heading-title elementor-size-default\">O Cora\u00e7\u00e3o por Tr\u00e1s das Cores<\/h2>\t\t\t\t<\/div>\n\t\t\t\t<\/div>\n\t\t\t\t<div class=\"elementor-element elementor-element-134c06f elementor-widget elementor-widget-text-editor\" data-id=\"134c06f\" data-element_type=\"widget\" data-e-type=\"widget\" data-widget_type=\"text-editor.default\">\n\t\t\t\t<div class=\"elementor-widget-container\">\n\t\t\t\t\t\t\t\t\t<p>Contando hist\u00f3rias que curam cora\u00e7\u00f5es e alimentam a f\u00e9.<\/p>\t\t\t\t\t\t\t\t<\/div>\n\t\t\t\t<\/div>\n\t\t\t\t<div class=\"elementor-element elementor-element-e05bc05 elementor-widget elementor-widget-text-editor\" data-id=\"e05bc05\" data-element_type=\"widget\" data-e-type=\"widget\" data-widget_type=\"text-editor.default\">\n\t\t\t\t<div class=\"elementor-widget-container\">\n\t\t\t\t\t\t\t\t\t<p class=\"\" data-start=\"372\" data-end=\"545\"><em data-start=\"372\" data-end=\"400\">\u201cAs Cores do Cora\u00e7\u00e3o\u201d<\/em> nasceu de um profundo desejo de ajudar as crian\u00e7as a crescerem emocional e espiritualmente, com hist\u00f3rias que falam aos seus cora\u00e7\u00f5es, n\u00e3o apenas \u00e0s suas mentes.<\/p><p class=\"\" data-start=\"552\" data-end=\"700\">Criada por D\u00e9bora Rossi, contadora de hist\u00f3rias, m\u00e3e e agora av\u00f3, a s\u00e9rie combina aprendizado emocional com f\u00e9, de uma forma suave, carinhosa e cheia de significado.<\/p><p class=\"\" data-start=\"707\" data-end=\"867\">No centro de cada livro est\u00e1 a <strong data-start=\"737\" data-end=\"754\">Vov\u00f3 Gra\u00e7a<\/strong>, uma voz acolhedora e afetuosa que conduz cada hist\u00f3ria como uma prece sussurrada, cheia de ternura, humor e esperan\u00e7a.<\/p><p class=\"\" data-start=\"874\" data-end=\"1029\">Com sentimentos identific\u00e1veis do dia a dia, valores que duram para sempre e a luz do amor de Deus, essas hist\u00f3rias foram criadas para ajudar pequenos cora\u00e7\u00f5es a crescerem fortes, alegres e s\u00e1bios.<\/p>\t\t\t\t\t\t\t\t<\/div>\n\t\t\t\t<\/div>\n\t\t\t\t<div class=\"elementor-element elementor-element-10bcee2 elementor-widget elementor-widget-text-editor\" data-id=\"10bcee2\" data-element_type=\"widget\" data-e-type=\"widget\" data-widget_type=\"text-editor.default\">\n\t\t\t\t<div class=\"elementor-widget-container\">\n\t\t\t\t\t\t\t\t\t<p>Esta cole\u00e7\u00e3o \u00e9 mais do que uma s\u00e9rie de livros. \u00c9 uma miss\u00e3o de amor.<\/p>\t\t\t\t\t\t\t\t<\/div>\n\t\t\t\t<\/div>\n\t\t\t\t<div class=\"elementor-element elementor-element-0670cc7 elementor-widget elementor-widget-image\" data-id=\"0670cc7\" data-element_type=\"widget\" data-e-type=\"widget\" data-widget_type=\"image.default\">\n\t\t\t\t<div class=\"elementor-widget-container\">\n\t\t\t\t\t\t\t\t\t\t\t\t\t\t\t<img decoding=\"async\" src=\"https:\/\/thecoloursoftheheart.com\/wp-content\/uploads\/elementor\/thumbs\/Copy-of-Untitled-Design-r5cz1v9fjampvetihs5j6kod1rjgnsm4vi9z4sv5jk.png\" title=\"Copy of Untitled Design\" alt=\"Copy of Untitled Design\" loading=\"lazy\" \/>\t\t\t\t\t\t\t\t\t\t\t\t\t\t\t<\/div>\n\t\t\t\t<\/div>\n\t\t\t\t<div class=\"elementor-element elementor-element-48d3c2f elementor-align-center elementor-widget elementor-widget-button\" data-id=\"48d3c2f\" data-element_type=\"widget\" data-e-type=\"widget\" data-widget_type=\"button.default\">\n\t\t\t\t<div class=\"elementor-widget-container\">\n\t\t\t\t\t\t\t\t\t<div class=\"elementor-button-wrapper\">\n\t\t\t\t\t<a class=\"elementor-button elementor-button-link elementor-size-sm\" href=\"\/pt\/books\/\">\n\t\t\t\t\t\t<span class=\"elementor-button-content-wrapper\">\n\t\t\t\t\t\t\t\t\t<span class=\"elementor-button-text\">Conhe\u00e7a a cole\u00e7\u00e3o<\/span>\n\t\t\t\t\t<\/span>\n\t\t\t\t\t<\/a>\n\t\t\t\t<\/div>\n\t\t\t\t\t\t\t\t<\/div>\n\t\t\t\t<\/div>\n\t\t\t\t\t<\/div>\n\t\t\t\t<\/div>\n\t\t<div class=\"elementor-element elementor-element-10cd3ac e-flex e-con-boxed e-con e-parent\" data-id=\"10cd3ac\" data-element_type=\"container\" data-e-type=\"container\">\n\t\t\t\t\t<div class=\"e-con-inner\">\n\t\t\t\t<div class=\"elementor-element elementor-element-50afab3 elementor-widget elementor-widget-heading\" data-id=\"50afab3\" data-element_type=\"widget\" data-e-type=\"widget\" data-widget_type=\"heading.default\">\n\t\t\t\t<div class=\"elementor-widget-container\">\n\t\t\t\t\t<h2 class=\"elementor-heading-title elementor-size-default\">Sobre a Autora<\/h2>\t\t\t\t<\/div>\n\t\t\t\t<\/div>\n\t\t\t\t<div class=\"elementor-element elementor-element-c55b27b elementor-widget elementor-widget-text-editor\" data-id=\"c55b27b\" data-element_type=\"widget\" data-e-type=\"widget\" data-widget_type=\"text-editor.default\">\n\t\t\t\t<div class=\"elementor-widget-container\">\n\t\t\t\t\t\t\t\t\t<p class=\"\" data-start=\"440\" data-end=\"567\"><strong data-start=\"440\" data-end=\"456\">D\u00e9bora Rossi<\/strong> escreve livros infantis com o cora\u00e7\u00e3o, hist\u00f3rias que celebram os sentimentos, a f\u00e9 e as lindas cores do cora\u00e7\u00e3o humano.<\/p><p class=\"\" data-start=\"569\" data-end=\"730\">Inspirada por seus profundos valores crist\u00e3os e pelo amor por contar hist\u00f3rias, D\u00e9bora cria narrativas que ajudam as crian\u00e7as a desenvolver coragem, gentileza e resili\u00eancia emocional.<\/p><p class=\"\" data-start=\"732\" data-end=\"889\">Sua s\u00e9rie de estreia, <em data-start=\"750\" data-end=\"776\">\"As Cores do Cora\u00e7\u00e3o\"<\/em>, convida pequenos leitores a explorarem seus sentimentos por meio de aventuras cheias de esperan\u00e7a, humor e amor.<\/p><p class=\"\" data-start=\"891\" data-end=\"1028\">Quando n\u00e3o est\u00e1 escrevendo, D\u00e9bora gosta de passar tempo com a fam\u00edlia, conhecer novos lugares e viver momentos inesquec\u00edveis de leitura com seu neto.<\/p>\t\t\t\t\t\t\t\t<\/div>\n\t\t\t\t<\/div>\n\t\t\t\t<div class=\"elementor-element elementor-element-584de10 elementor-widget-divider--view-line_icon elementor-view-default elementor-widget-divider--element-align-center elementor-widget elementor-widget-divider\" data-id=\"584de10\" data-element_type=\"widget\" data-e-type=\"widget\" data-widget_type=\"divider.default\">\n\t\t\t\t<div class=\"elementor-widget-container\">\n\t\t\t\t\t\t\t<div class=\"elementor-divider\">\n\t\t\t<span class=\"elementor-divider-separator\">\n\t\t\t\t\t\t\t<div class=\"elementor-icon elementor-divider__element\">\n\t\t\t\t\t<svg aria-hidden=\"true\" class=\"e-font-icon-svg e-far-heart\" viewbox=\"0 0 512 512\" xmlns=\"http:\/\/www.w3.org\/2000\/svg\"><path d=\"M458.4 64.3C400.6 15.7 311.3 23 256 79.3 200.7 23 111.4 15.6 53.6 64.3-21.6 127.6-10.6 230.8 43 285.5l175.4 178.7c10 10.2 23.4 15.9 37.6 15.9 14.3 0 27.6-5.6 37.6-15.8L469 285.6c53.5-54.7 64.7-157.9-10.6-221.3zm-23.6 187.5L259.4 430.5c-2.4 2.4-4.4 2.4-6.8 0L77.2 251.8c-36.5-37.2-43.9-107.6 7.3-150.7 38.9-32.7 98.9-27.8 136.5 10.5l35 35.7 35-35.7c37.8-38.5 97.8-43.2 136.5-10.6 51.1 43.1 43.5 113.9 7.3 150.8z\"><\/path><\/svg><\/div>\n\t\t\t\t\t\t<\/span>\n\t\t<\/div>\n\t\t\t\t\t\t<\/div>\n\t\t\t\t<\/div>\n\t\t\t\t<div class=\"elementor-element elementor-element-c63e38a elementor-widget elementor-widget-text-editor\" data-id=\"c63e38a\" data-element_type=\"widget\" data-e-type=\"widget\" data-widget_type=\"text-editor.default\">\n\t\t\t\t<div class=\"elementor-widget-container\">\n\t\t\t\t\t\t\t\t\t<p><em data-start=\"1036\" data-end=\"1155\">Obrigada por visitar minha p\u00e1gina de autora!<br data-start=\"1075\" data-end=\"1078\" \/>Que voc\u00ea e seus pequenos encontrem alegria, esperan\u00e7a e a luz de Deus em cada hist\u00f3ria.<\/em><br data-start=\"1155\" data-end=\"1158\" \/><em data-start=\"1158\" data-end=\"1259\">Desejo que essas hist\u00f3rias encham seus cora\u00e7\u00f5es de f\u00e9, sorrisos e das lindas cores do amor.<\/em><\/p>\t\t\t\t\t\t\t\t<\/div>\n\t\t\t\t<\/div>\n\t\t\t\t\t<\/div>\n\t\t\t\t<\/div>\n\t\t<div class=\"elementor-element elementor-element-a439d19 e-flex e-con-boxed e-con e-parent\" data-id=\"a439d19\" data-element_type=\"container\" data-e-type=\"container\">\n\t\t\t\t\t<div class=\"e-con-inner\">\n\t\t<div class=\"elementor-element elementor-element-0e4d574 e-con-full e-flex e-con e-child\" data-id=\"0e4d574\" data-element_type=\"container\" data-e-type=\"container\">\n\t\t<div class=\"elementor-element elementor-element-9500f92 e-con-full e-flex e-con e-child\" data-id=\"9500f92\" data-element_type=\"container\" data-e-type=\"container\">\n\t\t\t\t<div class=\"elementor-element elementor-element-049b393 elementor-widget elementor-widget-text-editor\" data-id=\"049b393\" data-element_type=\"widget\" data-e-type=\"widget\" data-widget_type=\"text-editor.default\">\n\t\t\t\t<div class=\"elementor-widget-container\">\n\t\t\t\t\t\t\t\t\t<p>Siga-nos e embarque nessa jornada!<\/p>\t\t\t\t\t\t\t\t<\/div>\n\t\t\t\t<\/div>\n\t\t\t\t<div class=\"elementor-element elementor-element-367cf94 elementor-shape-rounded elementor-grid-0 e-grid-align-center elementor-widget elementor-widget-social-icons\" data-id=\"367cf94\" data-element_type=\"widget\" data-e-type=\"widget\" data-widget_type=\"social-icons.default\">\n\t\t\t\t<div class=\"elementor-widget-container\">\n\t\t\t\t\t\t\t<div class=\"elementor-social-icons-wrapper elementor-grid\" role=\"list\">\n\t\t\t\t\t\t\t<span class=\"elementor-grid-item\" role=\"listitem\">\n\t\t\t\t\t<a class=\"elementor-icon elementor-social-icon elementor-social-icon-facebook elementor-repeater-item-1b631e6\" href=\"https:\/\/www.facebook.com\/profile.php?id=61576672134790\" target=\"_blank\">\n\t\t\t\t\t\t<span class=\"elementor-screen-only\">Facebook<\/span>\n\t\t\t\t\t\t<svg aria-hidden=\"true\" class=\"e-font-icon-svg e-fab-facebook\" viewbox=\"0 0 512 512\" xmlns=\"http:\/\/www.w3.org\/2000\/svg\"><path d=\"M504 256C504 119 393 8 256 8S8 119 8 256c0 123.78 90.69 226.38 209.25 245V327.69h-63V256h63v-54.64c0-62.15 37-96.48 93.67-96.48 27.14 0 55.52 4.84 55.52 4.84v61h-31.28c-30.8 0-40.41 19.12-40.41 38.73V256h68.78l-11 71.69h-57.78V501C413.31 482.38 504 379.78 504 256z\"><\/path><\/svg>\t\t\t\t\t<\/a>\n\t\t\t\t<\/span>\n\t\t\t\t\t\t\t<span class=\"elementor-grid-item\" role=\"listitem\">\n\t\t\t\t\t<a class=\"elementor-icon elementor-social-icon elementor-social-icon-instagram elementor-repeater-item-e964686\" href=\"https:\/\/www.instagram.com\/thecoloursoftheheart\/\" target=\"_blank\">\n\t\t\t\t\t\t<span class=\"elementor-screen-only\">Instagram<\/span>\n\t\t\t\t\t\t<svg aria-hidden=\"true\" class=\"e-font-icon-svg e-fab-instagram\" viewbox=\"0 0 448 512\" xmlns=\"http:\/\/www.w3.org\/2000\/svg\"><path d=\"M224.1 141c-63.6 0-114.9 51.3-114.9 114.9s51.3 114.9 114.9 114.9S339 319.5 339 255.9 287.7 141 224.1 141zm0 189.6c-41.1 0-74.7-33.5-74.7-74.7s33.5-74.7 74.7-74.7 74.7 33.5 74.7 74.7-33.6 74.7-74.7 74.7zm146.4-194.3c0 14.9-12 26.8-26.8 26.8-14.9 0-26.8-12-26.8-26.8s12-26.8 26.8-26.8 26.8 12 26.8 26.8zm76.1 27.2c-1.7-35.9-9.9-67.7-36.2-93.9-26.2-26.2-58-34.4-93.9-36.2-37-2.1-147.9-2.1-184.9 0-35.8 1.7-67.6 9.9-93.9 36.1s-34.4 58-36.2 93.9c-2.1 37-2.1 147.9 0 184.9 1.7 35.9 9.9 67.7 36.2 93.9s58 34.4 93.9 36.2c37 2.1 147.9 2.1 184.9 0 35.9-1.7 67.7-9.9 93.9-36.2 26.2-26.2 34.4-58 36.2-93.9 2.1-37 2.1-147.8 0-184.8zM398.8 388c-7.8 19.6-22.9 34.7-42.6 42.6-29.5 11.7-99.5 9-132.1 9s-102.7 2.6-132.1-9c-19.6-7.8-34.7-22.9-42.6-42.6-11.7-29.5-9-99.5-9-132.1s-2.6-102.7 9-132.1c7.8-19.6 22.9-34.7 42.6-42.6 29.5-11.7 99.5-9 132.1-9s102.7-2.6 132.1 9c19.6 7.8 34.7 22.9 42.6 42.6 11.7 29.5 9 99.5 9 132.1s2.7 102.7-9 132.1z\"><\/path><\/svg>\t\t\t\t\t<\/a>\n\t\t\t\t<\/span>\n\t\t\t\t\t\t\t<span class=\"elementor-grid-item\" role=\"listitem\">\n\t\t\t\t\t<a class=\"elementor-icon elementor-social-icon elementor-social-icon-tiktok elementor-repeater-item-262f1f0\" href=\"https:\/\/www.tiktok.com\/@thecoloursoftheheart\" target=\"_blank\">\n\t\t\t\t\t\t<span class=\"elementor-screen-only\">Tiktok<\/span>\n\t\t\t\t\t\t<svg aria-hidden=\"true\" class=\"e-font-icon-svg e-fab-tiktok\" viewbox=\"0 0 448 512\" xmlns=\"http:\/\/www.w3.org\/2000\/svg\"><path d=\"M448,209.91a210.06,210.06,0,0,1-122.77-39.25V349.38A162.55,162.55,0,1,1,185,188.31V278.2a74.62,74.62,0,1,0,52.23,71.18V0l88,0a121.18,121.18,0,0,0,1.86,22.17h0A122.18,122.18,0,0,0,381,102.39a121.43,121.43,0,0,0,67,20.14Z\"><\/path><\/svg>\t\t\t\t\t<\/a>\n\t\t\t\t<\/span>\n\t\t\t\t\t\t\t<span class=\"elementor-grid-item\" role=\"listitem\">\n\t\t\t\t\t<a class=\"elementor-icon elementor-social-icon elementor-social-icon-youtube elementor-repeater-item-5185a6d\" href=\"https:\/\/www.youtube.com\/channel\/UCzdak4CRFuUZD-gyiVUj_lQ\" target=\"_blank\">\n\t\t\t\t\t\t<span class=\"elementor-screen-only\">Youtube<\/span>\n\t\t\t\t\t\t<svg aria-hidden=\"true\" class=\"e-font-icon-svg e-fab-youtube\" viewbox=\"0 0 576 512\" xmlns=\"http:\/\/www.w3.org\/2000\/svg\"><path d=\"M549.655 124.083c-6.281-23.65-24.787-42.276-48.284-48.597C458.781 64 288 64 288 64S117.22 64 74.629 75.486c-23.497 6.322-42.003 24.947-48.284 48.597-11.412 42.867-11.412 132.305-11.412 132.305s0 89.438 11.412 132.305c6.281 23.65 24.787 41.5 48.284 47.821C117.22 448 288 448 288 448s170.78 0 213.371-11.486c23.497-6.321 42.003-24.171 48.284-47.821 11.412-42.867 11.412-132.305 11.412-132.305s0-89.438-11.412-132.305zm-317.51 213.508V175.185l142.739 81.205-142.739 81.201z\"><\/path><\/svg>\t\t\t\t\t<\/a>\n\t\t\t\t<\/span>\n\t\t\t\t\t<\/div>\n\t\t\t\t\t\t<\/div>\n\t\t\t\t<\/div>\n\t\t\t\t<div class=\"elementor-element elementor-element-46206ee elementor-widget elementor-widget-text-editor\" data-id=\"46206ee\" data-element_type=\"widget\" data-e-type=\"widget\" data-widget_type=\"text-editor.default\">\n\t\t\t\t<div class=\"elementor-widget-container\">\n\t\t\t\t\t\t\t\t\t<p>Para hist\u00f3rias, bastidores encantadores e momentos de alegria dos nossos livros.<\/p>\t\t\t\t\t\t\t\t<\/div>\n\t\t\t\t<\/div>\n\t\t\t\t<\/div>\n\t\t\t\t<\/div>\n\t\t\t\t\t<\/div>\n\t\t\t\t<\/div>\n\t\t\t\t<\/div>","protected":false},"excerpt":{"rendered":"<p>The Heart Behind the Colours Telling stories that heal hearts and grow faith. \u201cThe Colours of the Heart\u201d was born [&hellip;]<\/p>\n","protected":false},"author":1,"featured_media":0,"parent":0,"menu_order":0,"comment_status":"closed","ping_status":"closed","template":"elementor_header_footer","meta":{"_coblocks_attr":"","_coblocks_dimensions":"","_coblocks_responsive_height":"","_coblocks_accordion_ie_support":"","site-sidebar-layout":"no-sidebar","site-content-layout":"","ast-site-content-layout":"full-width-container","site-content-style":"default","site-sidebar-style":"default","ast-global-header-display":"","ast-banner-title-visibility":"","ast-main-header-display":"","ast-hfb-above-header-display":"","ast-hfb-below-header-display":"","ast-hfb-mobile-header-display":"","site-post-title":"disabled","ast-breadcrumbs-content":"","ast-featured-img":"disabled","footer-sml-layout":"","ast-disable-related-posts":"","theme-transparent-header-meta":"","adv-header-id-meta":"","stick-header-meta":"","header-above-stick-meta":"","header-main-stick-meta":"","header-below-stick-meta":"","astra-migrate-meta-layouts":"default","ast-page-background-enabled":"default","ast-page-background-meta":{"desktop":{"background-color":"var(--ast-global-color-5)","background-image":"","background-repeat":"repeat","background-position":"center center","background-size":"auto","background-attachment":"scroll","background-type":"","background-media":"","overlay-type":"","overlay-color":"","overlay-opacity":"","overlay-gradient":""},"tablet":{"background-color":"","background-image":"","background-repeat":"repeat","background-position":"center center","background-size":"auto","background-attachment":"scroll","background-type":"","background-media":"","overlay-type":"","overlay-color":"","overlay-opacity":"","overlay-gradient":""},"mobile":{"background-color":"","background-image":"","background-repeat":"repeat","background-position":"center center","background-size":"auto","background-attachment":"scroll","background-type":"","background-media":"","overlay-type":"","overlay-color":"","overlay-opacity":"","overlay-gradient":""}},"ast-content-background-meta":{"desktop":{"background-color":"var(--ast-global-color-4)","background-image":"","background-repeat":"repeat","background-position":"center center","background-size":"auto","background-attachment":"scroll","background-type":"","background-media":"","overlay-type":"","overlay-color":"","overlay-opacity":"","overlay-gradient":""},"tablet":{"background-color":"var(--ast-global-color-4)","background-image":"","background-repeat":"repeat","background-position":"center center","background-size":"auto","background-attachment":"scroll","background-type":"","background-media":"","overlay-type":"","overlay-color":"","overlay-opacity":"","overlay-gradient":""},"mobile":{"background-color":"var(--ast-global-color-4)","background-image":"","background-repeat":"repeat","background-position":"center center","background-size":"auto","background-attachment":"scroll","background-type":"","background-media":"","overlay-type":"","overlay-color":"","overlay-opacity":"","overlay-gradient":""}},"footnotes":""},"class_list":["post-44","page","type-page","status-publish","hentry"],"yoast_head":"<!-- This site is optimized with the Yoast SEO plugin v27.4 - https:\/\/yoast.com\/product\/yoast-seo-wordpress\/ -->\n<title>The Heart Behind the Colours -<\/title>\n<meta name=\"robots\" content=\"index, follow, max-snippet:-1, max-image-preview:large, max-video-preview:-1\" \/>\n<link rel=\"canonical\" href=\"https:\/\/thecoloursoftheheart.com\/pt\/the-heart-behind-the-colours\/\" \/>\n<meta property=\"og:locale\" content=\"pt_BR\" \/>\n<meta property=\"og:type\" content=\"article\" \/>\n<meta property=\"og:title\" content=\"The Heart Behind the Colours -\" \/>\n<meta property=\"og:description\" content=\"The Heart Behind the Colours Telling stories that heal hearts and grow faith. \u201cThe Colours of the Heart\u201d was born [&hellip;]\" \/>\n<meta property=\"og:url\" content=\"https:\/\/thecoloursoftheheart.com\/pt\/the-heart-behind-the-colours\/\" \/>\n<meta property=\"article:modified_time\" content=\"2025-10-05T12:58:30+00:00\" \/>\n<meta property=\"og:image\" content=\"https:\/\/thecoloursoftheheart.com\/wp-content\/uploads\/elementor\/thumbs\/Copy-of-Untitled-Design-r5cz1v9fjampvetihs5j6kod1rjgnsm4vi9z4sv5jk.png\" \/>\n<meta name=\"twitter:card\" content=\"summary_large_image\" \/>\n<meta name=\"twitter:label1\" content=\"Est. tempo de leitura\" \/>\n\t<meta name=\"twitter:data1\" content=\"2 minutos\" \/>\n<script type=\"application\/ld+json\" class=\"yoast-schema-graph\">{\"@context\":\"https:\\\/\\\/schema.org\",\"@graph\":[{\"@type\":\"WebPage\",\"@id\":\"https:\\\/\\\/thecoloursoftheheart.com\\\/the-heart-behind-the-colours\\\/\",\"url\":\"https:\\\/\\\/thecoloursoftheheart.com\\\/the-heart-behind-the-colours\\\/\",\"name\":\"The Heart Behind the Colours -\",\"isPartOf\":{\"@id\":\"https:\\\/\\\/thecoloursoftheheart.com\\\/#website\"},\"primaryImageOfPage\":{\"@id\":\"https:\\\/\\\/thecoloursoftheheart.com\\\/the-heart-behind-the-colours\\\/#primaryimage\"},\"image\":{\"@id\":\"https:\\\/\\\/thecoloursoftheheart.com\\\/the-heart-behind-the-colours\\\/#primaryimage\"},\"thumbnailUrl\":\"https:\\\/\\\/thecoloursoftheheart.com\\\/wp-content\\\/uploads\\\/elementor\\\/thumbs\\\/Copy-of-Untitled-Design-r5cz1v9fjampvetihs5j6kod1rjgnsm4vi9z4sv5jk.png\",\"datePublished\":\"2025-05-02T14:10:38+00:00\",\"dateModified\":\"2025-10-05T12:58:30+00:00\",\"breadcrumb\":{\"@id\":\"https:\\\/\\\/thecoloursoftheheart.com\\\/the-heart-behind-the-colours\\\/#breadcrumb\"},\"inLanguage\":\"pt-BR\",\"potentialAction\":[{\"@type\":\"ReadAction\",\"target\":[\"https:\\\/\\\/thecoloursoftheheart.com\\\/the-heart-behind-the-colours\\\/\"]}]},{\"@type\":\"ImageObject\",\"inLanguage\":\"pt-BR\",\"@id\":\"https:\\\/\\\/thecoloursoftheheart.com\\\/the-heart-behind-the-colours\\\/#primaryimage\",\"url\":\"https:\\\/\\\/thecoloursoftheheart.com\\\/wp-content\\\/uploads\\\/elementor\\\/thumbs\\\/Copy-of-Untitled-Design-r5cz1v9fjampvetihs5j6kod1rjgnsm4vi9z4sv5jk.png\",\"contentUrl\":\"https:\\\/\\\/thecoloursoftheheart.com\\\/wp-content\\\/uploads\\\/elementor\\\/thumbs\\\/Copy-of-Untitled-Design-r5cz1v9fjampvetihs5j6kod1rjgnsm4vi9z4sv5jk.png\"},{\"@type\":\"BreadcrumbList\",\"@id\":\"https:\\\/\\\/thecoloursoftheheart.com\\\/the-heart-behind-the-colours\\\/#breadcrumb\",\"itemListElement\":[{\"@type\":\"ListItem\",\"position\":1,\"name\":\"Home\",\"item\":\"https:\\\/\\\/thecoloursoftheheart.com\\\/\"},{\"@type\":\"ListItem\",\"position\":2,\"name\":\"The Heart Behind the Colours\"}]},{\"@type\":\"WebSite\",\"@id\":\"https:\\\/\\\/thecoloursoftheheart.com\\\/#website\",\"url\":\"https:\\\/\\\/thecoloursoftheheart.com\\\/\",\"name\":\"\",\"description\":\"\",\"potentialAction\":[{\"@type\":\"SearchAction\",\"target\":{\"@type\":\"EntryPoint\",\"urlTemplate\":\"https:\\\/\\\/thecoloursoftheheart.com\\\/?s={search_term_string}\"},\"query-input\":{\"@type\":\"PropertyValueSpecification\",\"valueRequired\":true,\"valueName\":\"search_term_string\"}}],\"inLanguage\":\"pt-BR\"}]}<\/script>\n<!-- \/ Yoast SEO plugin. -->","yoast_head_json":{"title":"The Heart Behind the Colours -","robots":{"index":"index","follow":"follow","max-snippet":"max-snippet:-1","max-image-preview":"max-image-preview:large","max-video-preview":"max-video-preview:-1"},"canonical":"https:\/\/thecoloursoftheheart.com\/pt\/the-heart-behind-the-colours\/","og_locale":"pt_BR","og_type":"article","og_title":"The Heart Behind the Colours -","og_description":"The Heart Behind the Colours Telling stories that heal hearts and grow faith. \u201cThe Colours of the Heart\u201d was born [&hellip;]","og_url":"https:\/\/thecoloursoftheheart.com\/pt\/the-heart-behind-the-colours\/","article_modified_time":"2025-10-05T12:58:30+00:00","og_image":[{"url":"https:\/\/thecoloursoftheheart.com\/wp-content\/uploads\/elementor\/thumbs\/Copy-of-Untitled-Design-r5cz1v9fjampvetihs5j6kod1rjgnsm4vi9z4sv5jk.png","type":"","width":"","height":""}],"twitter_card":"summary_large_image","twitter_misc":{"Est. tempo de leitura":"2 minutos"},"schema":{"@context":"https:\/\/schema.org","@graph":[{"@type":"WebPage","@id":"https:\/\/thecoloursoftheheart.com\/the-heart-behind-the-colours\/","url":"https:\/\/thecoloursoftheheart.com\/the-heart-behind-the-colours\/","name":"The Heart Behind the Colours -","isPartOf":{"@id":"https:\/\/thecoloursoftheheart.com\/#website"},"primaryImageOfPage":{"@id":"https:\/\/thecoloursoftheheart.com\/the-heart-behind-the-colours\/#primaryimage"},"image":{"@id":"https:\/\/thecoloursoftheheart.com\/the-heart-behind-the-colours\/#primaryimage"},"thumbnailUrl":"https:\/\/thecoloursoftheheart.com\/wp-content\/uploads\/elementor\/thumbs\/Copy-of-Untitled-Design-r5cz1v9fjampvetihs5j6kod1rjgnsm4vi9z4sv5jk.png","datePublished":"2025-05-02T14:10:38+00:00","dateModified":"2025-10-05T12:58:30+00:00","breadcrumb":{"@id":"https:\/\/thecoloursoftheheart.com\/the-heart-behind-the-colours\/#breadcrumb"},"inLanguage":"pt-BR","potentialAction":[{"@type":"ReadAction","target":["https:\/\/thecoloursoftheheart.com\/the-heart-behind-the-colours\/"]}]},{"@type":"ImageObject","inLanguage":"pt-BR","@id":"https:\/\/thecoloursoftheheart.com\/the-heart-behind-the-colours\/#primaryimage","url":"https:\/\/thecoloursoftheheart.com\/wp-content\/uploads\/elementor\/thumbs\/Copy-of-Untitled-Design-r5cz1v9fjampvetihs5j6kod1rjgnsm4vi9z4sv5jk.png","contentUrl":"https:\/\/thecoloursoftheheart.com\/wp-content\/uploads\/elementor\/thumbs\/Copy-of-Untitled-Design-r5cz1v9fjampvetihs5j6kod1rjgnsm4vi9z4sv5jk.png"},{"@type":"BreadcrumbList","@id":"https:\/\/thecoloursoftheheart.com\/the-heart-behind-the-colours\/#breadcrumb","itemListElement":[{"@type":"ListItem","position":1,"name":"Home","item":"https:\/\/thecoloursoftheheart.com\/"},{"@type":"ListItem","position":2,"name":"The Heart Behind the Colours"}]},{"@type":"WebSite","@id":"https:\/\/thecoloursoftheheart.com\/#website","url":"https:\/\/thecoloursoftheheart.com\/","name":"","description":"","potentialAction":[{"@type":"SearchAction","target":{"@type":"EntryPoint","urlTemplate":"https:\/\/thecoloursoftheheart.com\/?s={search_term_string}"},"query-input":{"@type":"PropertyValueSpecification","valueRequired":true,"valueName":"search_term_string"}}],"inLanguage":"pt-BR"}]}},"_links":{"self":[{"href":"https:\/\/thecoloursoftheheart.com\/pt\/wp-json\/wp\/v2\/pages\/44","targetHints":{"allow":["GET"]}}],"collection":[{"href":"https:\/\/thecoloursoftheheart.com\/pt\/wp-json\/wp\/v2\/pages"}],"about":[{"href":"https:\/\/thecoloursoftheheart.com\/pt\/wp-json\/wp\/v2\/types\/page"}],"author":[{"embeddable":true,"href":"https:\/\/thecoloursoftheheart.com\/pt\/wp-json\/wp\/v2\/users\/1"}],"replies":[{"embeddable":true,"href":"https:\/\/thecoloursoftheheart.com\/pt\/wp-json\/wp\/v2\/comments?post=44"}],"version-history":[{"count":48,"href":"https:\/\/thecoloursoftheheart.com\/pt\/wp-json\/wp\/v2\/pages\/44\/revisions"}],"predecessor-version":[{"id":1882,"href":"https:\/\/thecoloursoftheheart.com\/pt\/wp-json\/wp\/v2\/pages\/44\/revisions\/1882"}],"wp:attachment":[{"href":"https:\/\/thecoloursoftheheart.com\/pt\/wp-json\/wp\/v2\/media?parent=44"}],"curies":[{"name":"wp","href":"https:\/\/api.w.org\/{rel}","templated":true}]}}